{"id":813,"date":"2018-02-26T14:37:17","date_gmt":"2018-02-26T13:37:17","guid":{"rendered":"http:\/\/isere.online\/?page_id=813"},"modified":"2025-12-28T11:35:28","modified_gmt":"2025-12-28T10:35:28","slug":"portrait","status":"publish","type":"page","link":"http:\/\/isere.online\/en\/portrait\/","title":{"rendered":"Portrait"},"content":{"rendered":"","protected":false},"excerpt":{"rendered":"","protected":false},"author":1,"featured_media":0,"parent":0,"menu_order":3,"comment_status":"closed","ping_status":"closed","template":"","meta":[],"class_list":["post-813","page","type-page","status-publish","hentry"],"grid":"{\r\n  \"colCount\": 14,\r\n  \"colGutter\": 1,\r\n  \"rowGutters\": [\r\n    0,\r\n    0,\r\n    0\r\n  ],\r\n  \"frameMargin\": 5,\r\n  \"topFrameMargin\": 150,\r\n  \"bottomFrameMargin\": 5,\r\n  \"rowAttrs\": [\r\n    {\r\n      \"relid\": 1\r\n    },\r\n    {\r\n      \"relid\": 2\r\n    },\r\n    {\r\n      \"relid\": 3\r\n    },\r\n    {\r\n      \"relid\": 10\r\n    }\r\n  ],\r\n  \"bgColor\": null,\r\n  \"cont\": [\r\n    {\r\n      \"type\": \"img\",\r\n      \"attid\": 1766,\r\n      \"sizes\": {\r\n        \"full\": \"\/wp-content\/uploads\/2018\/04\/jeanmarcisere.png\",\r\n        \"_768\": \"\/wp-content\/uploads\/2018\/04\/jeanmarcisere-768x1138.png\",\r\n        \"_512\": \"\/wp-content\/uploads\/2018\/04\/jeanmarcisere-512x759.png\",\r\n        \"_265\": \"\/wp-content\/uploads\/2018\/04\/jeanmarcisere-265x393.png\"\r\n      },\r\n      \"cont\": \"\/wp-content\/uploads\/2018\/04\/jeanmarcisere.png\",\r\n      \"align\": \"top\",\r\n      \"row\": 0,\r\n      \"col\": 1,\r\n      \"colspan\": 4,\r\n      \"ar\": 1.4819277108433735,\r\n      \"alt\": \"\",\r\n      \"offsetx\": 0,\r\n      \"offsety\": 0,\r\n      \"spaceabove\": 0,\r\n      \"spacebelow\": 0,\r\n      \"yvel\": 0,\r\n      \"push\": 1,\r\n      \"relid\": 4\r\n    },\r\n    {\r\n      \"type\": \"text\",\r\n      \"cont\": \"<p>Mon travail n\u2019est pas une prise de position intellectuelle, <br \/>mais une\u00a0confrontation avec la mati\u00e9re \u00e9rod\u00e9e.<br \/>Les craquelures permettent au regard, au-del\u00e0 de la proposition\u00a0figurative <br \/>\u00e0 peine \u00e9nonc\u00e9e du premier plan, de se lib\u00e9rer des donn\u00e9es\u00a0rationnelles <br \/>et de s\u2019abandonner \u00e0 la luminescence de l\u2019arriere plan.<br \/>Le regard s\u2019abstrait tr\u00e8s vite du visible et se glisse dans les fissures <br \/>\u2013\u00a0c\u2019est un voyage que l\u2019\u0153il recevra et r\u00e9v\u00e8lera.<br \/>Par cette exp\u00e9rience, le spectateur devient acteur et se relie \u00e0 sa force\u00a0de vie.<br \/>Ce travail pictural \u00e0 pour ambition d\u2019\u00eatre support de m\u00e9ditation.<\/p><p>My work does not arise from an intellectual stand but from a confrontation <br \/>with the erosion of matter as such.<br \/>The cracks allow the gaze, beyond the figurative proposition barely outlined <br \/>in the foreground, to be freed from rational givens <br \/>and handed over to the luminescence of the background.<br \/>The gaze quickly withdraws from the visible and falls into the cracks <br \/>\u2014 it is a journey which is both received and revealed by the eye.<br \/>Through this experience, the spectator becomes a participant <br \/>and links once more with its vital force.<br \/>This pictorial work aims to be a springboard for meditation.<\/p>\",\r\n      \"align\": \"top\",\r\n      \"row\": 0,\r\n      \"col\": 6,\r\n      \"colspan\": 8,\r\n      \"offsetx\": 0,\r\n      \"offsety\": 0,\r\n      \"spaceabove\": 0,\r\n      \"spacebelow\": 0,\r\n      \"yvel\": 0,\r\n      \"push\": 1,\r\n      \"relid\": 5,\r\n      \"classes\": \"portrait-description\"\r\n    },\r\n    {\r\n      \"type\": \"html\",\r\n      \"cont\": \"<style>\\n.portrait-description p{\\n    font-size: 1.3vw;\\n    line-height: 1.7vw;\\n    margin: 0 0 4.7vw 0;\\n}\\n@media screen and (max-width: 600px){\\n    .portrait-description p{\\n    font-size: calc((100vw - 37.5px)\/13);\\n    line-height: 1.3em;\\n    margin: 0 0 2em 0;\\n    }\\n}\\n\\n<\/style>\",\r\n      \"align\": \"top\",\r\n      \"row\": 2,\r\n      \"col\": 0,\r\n      \"colspan\": 6,\r\n      \"offsetx\": 0,\r\n      \"offsety\": 0,\r\n      \"spaceabove\": 0,\r\n      \"spacebelow\": 0,\r\n      \"yvel\": 1,\r\n      \"push\": 0,\r\n      \"relid\": 7\r\n    },\r\n    {\r\n      \"type\": \"img\",\r\n      \"attid\": 1768,\r\n      \"sizes\": {\r\n        \"full\": \"\/wp-content\/uploads\/2018\/04\/fond-gauche2.png\",\r\n        \"_768\": \"\/wp-content\/uploads\/2018\/04\/fond-gauche2-768x1138.png\",\r\n        \"_512\": \"\/wp-content\/uploads\/2018\/04\/fond-gauche2-512x759.png\",\r\n        \"_265\": \"\/wp-content\/uploads\/2018\/04\/fond-gauche2-265x393.png\"\r\n      },\r\n      \"cont\": \"\/wp-content\/uploads\/2018\/04\/fond-gauche2.png\",\r\n      \"align\": \"top\",\r\n      \"row\": 2,\r\n      \"col\": 6,\r\n      \"colspan\": 2,\r\n      \"ar\": 1.4819277108433735,\r\n      \"alt\": \"\",\r\n      \"offsetx\": 0,\r\n      \"offsety\": 0,\r\n      \"spaceabove\": 0,\r\n      \"spacebelow\": 0,\r\n      \"yvel\": 0,\r\n      \"push\": 0,\r\n      \"relid\": 6\r\n    },\r\n    {\r\n      \"type\": \"img\",\r\n      \"attid\": 1763,\r\n      \"sizes\": {\r\n        \"full\": \"\/wp-content\/uploads\/2018\/04\/atelier-fond.png\",\r\n        \"_768\": \"\/wp-content\/uploads\/2018\/04\/atelier-fond-768x1138.png\",\r\n        \"_512\": \"\/wp-content\/uploads\/2018\/04\/atelier-fond-512x759.png\",\r\n        \"_265\": \"\/wp-content\/uploads\/2018\/04\/atelier-fond-265x393.png\"\r\n      },\r\n      \"cont\": \"\/wp-content\/uploads\/2018\/04\/atelier-fond.png\",\r\n      \"align\": \"top\",\r\n      \"row\": 2,\r\n      \"col\": 8,\r\n      \"colspan\": 2,\r\n      \"ar\": 1.4819277108433735,\r\n      \"alt\": \"\",\r\n      \"offsetx\": 0,\r\n      \"offsety\": 0,\r\n      \"spaceabove\": 0,\r\n      \"spacebelow\": 0,\r\n      \"yvel\": 0,\r\n      \"push\": 0,\r\n      \"relid\": 9\r\n    },\r\n    {\r\n      \"type\": \"img\",\r\n      \"attid\": 1764,\r\n      \"sizes\": {\r\n        \"full\": \"\/wp-content\/uploads\/2018\/04\/au-travail-a.png\",\r\n        \"_768\": \"\/wp-content\/uploads\/2018\/04\/au-travail-a-768x1138.png\",\r\n        \"_512\": \"\/wp-content\/uploads\/2018\/04\/au-travail-a-512x759.png\",\r\n        \"_265\": \"\/wp-content\/uploads\/2018\/04\/au-travail-a-265x393.png\"\r\n      },\r\n      \"cont\": \"\/wp-content\/uploads\/2018\/04\/au-travail-a.png\",\r\n      \"align\": \"top\",\r\n      \"row\": 2,\r\n      \"col\": 10,\r\n      \"colspan\": 2,\r\n      \"ar\": 1.4819277108433735,\r\n      \"alt\": \"\",\r\n      \"offsetx\": 0,\r\n      \"offsety\": 0,\r\n      \"spaceabove\": 0,\r\n      \"spacebelow\": 0,\r\n      \"yvel\": 0,\r\n      \"push\": 0,\r\n      \"relid\": 8\r\n    },\r\n    {\r\n      \"type\": \"text\",\r\n      \"cont\": \"<p><span style=\\\"font-size: 12px;\\\"><br \/>\u00a0 \u00a9 Photographies : Yoann Fitoussi et\u00a0Wilfried Antoine Desveaux<\/span><\/p>\",\r\n      \"align\": \"middle\",\r\n      \"row\": 3,\r\n      \"col\": 6,\r\n      \"colspan\": 8,\r\n      \"offsetx\": 0,\r\n      \"offsety\": 0,\r\n      \"spaceabove\": 0,\r\n      \"spacebelow\": 0,\r\n      \"yvel\": 1,\r\n      \"push\": 6,\r\n      \"relid\": 27\r\n    }\r\n  ]\r\n}","phonegrid":"","_links":{"self":[{"href":"http:\/\/isere.online\/en\/wp-json\/wp\/v2\/pages\/813","targetHints":{"allow":["GET"]}}],"collection":[{"href":"http:\/\/isere.online\/en\/wp-json\/wp\/v2\/pages"}],"about":[{"href":"http:\/\/isere.online\/en\/wp-json\/wp\/v2\/types\/page"}],"author":[{"embeddable":true,"href":"http:\/\/isere.online\/en\/wp-json\/wp\/v2\/users\/1"}],"replies":[{"embeddable":true,"href":"http:\/\/isere.online\/en\/wp-json\/wp\/v2\/comments?post=813"}],"version-history":[{"count":0,"href":"http:\/\/isere.online\/en\/wp-json\/wp\/v2\/pages\/813\/revisions"}],"wp:attachment":[{"href":"http:\/\/isere.online\/en\/wp-json\/wp\/v2\/media?parent=813"}],"curies":[{"name":"wp","href":"https:\/\/api.w.org\/{rel}","templated":true}]}}