{"id":811,"date":"2018-02-26T14:36:47","date_gmt":"2018-02-26T13:36:47","guid":{"rendered":"http:\/\/isere.online\/?page_id=811"},"modified":"2018-06-14T10:42:40","modified_gmt":"2018-06-14T08:42:40","slug":"photomontages","status":"publish","type":"page","link":"http:\/\/isere.online\/en\/photomontages\/","title":{"rendered":"Photomontages"},"content":{"rendered":"","protected":false},"excerpt":{"rendered":"","protected":false},"author":1,"featured_media":0,"parent":0,"menu_order":1,"comment_status":"closed","ping_status":"closed","template":"","meta":[],"class_list":["post-811","page","type-page","status-publish","hentry"],"grid":"{\r\n  \"colCount\": 16,\r\n  \"colGutter\": 0.5,\r\n  \"rowGutters\": [\r\n    1,\r\n    1,\r\n    1,\r\n    1\r\n  ],\r\n  \"frameMargin\": 5,\r\n  \"topFrameMargin\": 120,\r\n  \"bottomFrameMargin\": 0.5,\r\n  \"rowAttrs\": [\r\n    {},\r\n    {},\r\n    {},\r\n    {},\r\n    {\r\n      \"html_id\": \"photomontages-footer\"\r\n    }\r\n  ],\r\n  \"bgColor\": null,\r\n  \"cont\": [\r\n    {\r\n      \"type\": \"text\",\r\n      \"cont\": \"<p style=\\\"line-height: 1.3; text-align: center;\\\"><span class=\\\"_medium\\\" style=\\\"font-family: Roboto, sans-serif; letter-spacing: 0em; font-size: 16px;\\\">Sans contradiction avec le travail de peinture, que je pratique depuis plus de vingt ans, mon approche photographique actuelle, plus figurative, enrichie ma d\u00e9marche cr\u00e9ative.<\/span><br \/><span class=\\\"_medium\\\" style=\\\"font-family: Roboto, sans-serif; letter-spacing: 0em; font-size: 16px;\\\">La craquelure des peintures, transmut\u00e9e par la photographie propose un dialogue inattendu entre les images.<\/span><br \/><span class=\\\"_medium\\\" style=\\\"font-family: Roboto, sans-serif; letter-spacing: 0em; font-size: 16px;\\\">Le sentiment g\u00e9n\u00e9r\u00e9 par ce nouveau langage donne naissance \u00e0 une \u00e9tonnante et infinie jubilation.<\/span><\/p><p class=\\\"_Legendes\\\" style=\\\"line-height: 1.3; text-align: center;\\\"><span style=\\\"letter-spacing: 0em; font-size: 16px;\\\">Without being in opposition with my nearly 20 years of work as a painter, my more figurative current photographic proposal enhances my scope.<\/span><br \/><span style=\\\"letter-spacing: 0em; font-size: 16px;\\\">The cracks of the paintings, transmuted by photography offer an inexpected conversation between two or several images.<\/span><br \/><span style=\\\"letter-spacing: 0em; font-size: 16px;\\\">The feeling generated by this new language gives birth to an astonishing and infinate jubilation.<\/span><\/p>\",\r\n      \"align\": \"top\",\r\n      \"row\": 0,\r\n      \"col\": 1,\r\n      \"colspan\": 13,\r\n      \"offsetx\": 0,\r\n      \"offsety\": 0,\r\n      \"spaceabove\": 0,\r\n      \"spacebelow\": 0,\r\n      \"yvel\": 1,\r\n      \"push\": 1,\r\n      \"relid\": 8\r\n    },\r\n    {\r\n      \"type\": \"hr\",\r\n      \"cont\": \"\",\r\n      \"align\": \"middle\",\r\n      \"row\": 1,\r\n      \"col\": 0,\r\n      \"colspan\": 16,\r\n      \"offsetx\": 0,\r\n      \"offsety\": 0,\r\n      \"spaceabove\": 0,\r\n      \"spacebelow\": 0,\r\n      \"yvel\": 1,\r\n      \"push\": 0,\r\n      \"relid\": 7\r\n    },\r\n    {\r\n      \"type\": \"thumbnailgrid\",\r\n      \"cont\": \"\",\r\n      \"align\": \"top\",\r\n      \"row\": 2,\r\n      \"col\": 0,\r\n      \"colspan\": 16,\r\n      \"offsetx\": 0,\r\n      \"offsety\": 0,\r\n      \"spaceabove\": 0,\r\n      \"spacebelow\": 0,\r\n      \"yvel\": 1,\r\n      \"push\": 0,\r\n      \"relid\": 4,\r\n      \"config\": {\r\n        \"desktop\": {\r\n          \"colCount\": 8,\r\n          \"colGutter\": 1,\r\n          \"rowGutter\": 1\r\n        },\r\n        \"tablet\": {\r\n          \"colCount\": 2,\r\n          \"colGutter\": 1,\r\n          \"rowGutter\": 1\r\n        },\r\n        \"phone\": {\r\n          \"colCount\": 1,\r\n          \"colGutter\": 1,\r\n          \"rowGutter\": 1\r\n        },\r\n        \"layoutType\": \"masonry\",\r\n        \"cat_id\": 6\r\n      }\r\n    },\r\n    {\r\n      \"type\": \"hr\",\r\n      \"cont\": \"\",\r\n      \"align\": \"top\",\r\n      \"row\": 3,\r\n      \"col\": 0,\r\n      \"colspan\": 16,\r\n      \"offsetx\": 0,\r\n      \"offsety\": 0,\r\n      \"spaceabove\": 0,\r\n      \"spacebelow\": 0,\r\n      \"yvel\": 1,\r\n      \"push\": 0,\r\n      \"relid\": 6\r\n    },\r\n    {\r\n      \"type\": \"text\",\r\n      \"cont\": \"<p class=\\\"_Legendes\\\" style=\\\"line-height: 1.1;\\\"><span style=\\\"font-size: 12px;\\\">EXPOSITION EN DIGIGRAPHIE\u00ae\u00a0<\/span><\/p><p class=\\\"_Legendes\\\" style=\\\"line-height: 1.1;\\\"><span style=\\\"font-size: 12px;\\\">Cette exposition a \u00e9t\u00e9 r\u00e9alis\u00e9e en Digigraphie\u00ae. Ce label d\u00e9velopp\u00e9 par Epson pour les artistes photographes et plasticiens, ouvre un nouveau mode d\u2019expression picturale.<\/span><br \/><span style=\\\"font-size: 12px;\\\">V\u00e9ritable passerelle entre tradition et modernit\u00e9, ce label technique permet aux artistes de produire des s\u00e9ries limit\u00e9es de leurs \u0153uvres originales en tr\u00e8s haute qualit\u00e9, avec une p\u00e9rennit\u00e9 de plusieurs g\u00e9n\u00e9rations. Les \u0153uvres imprim\u00e9es sur papier d\u2019art sont num\u00e9rot\u00e9es, et sign\u00e9es par l\u2019artiste.<\/span><br \/><span style=\\\"font-size: 12px;\\\">La Digigraphie\u00ae repose sur une technologie d\u2019imprimante professionnelle Epson utilisant les encres UltraChrome\u2122 \u00e0 base de pigments et de min\u00e9raux naturels enrob\u00e9s de r\u00e9sine. Ces encres offrent une parfaite stabilit\u00e9 \u00e0 la lumi\u00e8re et une excellente r\u00e9sistance au temps d\u00e9passant le si\u00e8cle.<\/span><br \/><span style=\\\"font-size: 12px;\\\">La Digigraphie\u00ae introduit un champ original dans l\u2019expression photographique en cr\u00e9ant un nouveau langage artistique. Elle est la rencontre entre deux talents apparemment contradictoires, celui de l\u2019artiste et celui de l\u2019ing\u00e9nieur. L\u2019un tire de son regard une volont\u00e9 de restituer sa vision de l\u2019instant, l\u2019autre tente de dominer la technologie pour traduire cette volont\u00e9.<sup>\u00a0<\/sup><\/span><\/p>\",\r\n      \"align\": \"top\",\r\n      \"row\": 4,\r\n      \"col\": 0,\r\n      \"colspan\": 10,\r\n      \"offsetx\": 0,\r\n      \"offsety\": 0,\r\n      \"spaceabove\": 0,\r\n      \"spacebelow\": 0,\r\n      \"yvel\": 1,\r\n      \"push\": 0,\r\n      \"relid\": 1920\r\n    },\r\n    {\r\n      \"type\": \"text\",\r\n      \"cont\": \"<p class=\\\"_Legendes\\\"><span style=\\\"font-size: 16px;\\\">Tirages limit\u00e9s \u00e0 20 exemplaires num\u00e9rot\u00e9s<\/span><\/p><p class=\\\"_Legendes\\\"><span style=\\\"font-size: 16px;\\\">existe en 3 formats <\/span><br \/><span style=\\\"font-size: 16px;\\\">90 x 60 cm (35,4 x 23,6\u00a0inches) <\/span><br \/><span style=\\\"font-size: 16px;\\\">60 x 40 cm (23,6 x 15,7\u00a0inches) <\/span><br \/><span style=\\\"font-size: 16px;\\\">40 x 30 cm (15,7 x 11,8 inches)<\/span><\/p>\",\r\n      \"align\": \"top\",\r\n      \"row\": 4,\r\n      \"col\": 11,\r\n      \"colspan\": 4,\r\n      \"offsetx\": 0,\r\n      \"offsety\": 0,\r\n      \"spaceabove\": 0,\r\n      \"spacebelow\": 0,\r\n      \"yvel\": 1,\r\n      \"push\": 1,\r\n      \"relid\": 5\r\n    },\r\n    {\r\n      \"type\": \"img\",\r\n      \"cont\": \"\/wp-content\/uploads\/2018\/04\/Logo-Digigraphie-dec-.png\",\r\n      \"align\": \"bottom\",\r\n      \"row\": 4,\r\n      \"col\": 15,\r\n      \"colspan\": 1,\r\n      \"offsetx\": 0,\r\n      \"offsety\": 0,\r\n      \"spaceabove\": 0,\r\n      \"spacebelow\": 0,\r\n      \"yvel\": 1,\r\n      \"push\": 0,\r\n      \"relid\": 1919,\r\n      \"attid\": 1772,\r\n      \"sizes\": {\r\n        \"full\": \"\/wp-content\/uploads\/2018\/04\/Logo-Digigraphie-dec-.png\",\r\n        \"_512\": \"\/wp-content\/uploads\/2018\/04\/Logo-Digigraphie-dec--512x377.png\",\r\n        \"_265\": \"\/wp-content\/uploads\/2018\/04\/Logo-Digigraphie-dec--265x195.png\"\r\n      },\r\n      \"ar\": 0.7360406091370558,\r\n      \"alt\": \"\"\r\n    }\r\n  ]\r\n}","phonegrid":"","_links":{"self":[{"href":"http:\/\/isere.online\/en\/wp-json\/wp\/v2\/pages\/811","targetHints":{"allow":["GET"]}}],"collection":[{"href":"http:\/\/isere.online\/en\/wp-json\/wp\/v2\/pages"}],"about":[{"href":"http:\/\/isere.online\/en\/wp-json\/wp\/v2\/types\/page"}],"author":[{"embeddable":true,"href":"http:\/\/isere.online\/en\/wp-json\/wp\/v2\/users\/1"}],"replies":[{"embeddable":true,"href":"http:\/\/isere.online\/en\/wp-json\/wp\/v2\/comments?post=811"}],"version-history":[{"count":0,"href":"http:\/\/isere.online\/en\/wp-json\/wp\/v2\/pages\/811\/revisions"}],"wp:attachment":[{"href":"http:\/\/isere.online\/en\/wp-json\/wp\/v2\/media?parent=811"}],"curies":[{"name":"wp","href":"https:\/\/api.w.org\/{rel}","templated":true}]}}